{"id":7023,"date":"2017-06-14T09:23:16","date_gmt":"2017-06-14T09:23:16","guid":{"rendered":"http:\/\/dummy.xtemos.com\/woodmart\/?page_id=57"},"modified":"2024-06-20T11:40:57","modified_gmt":"2024-06-20T09:40:57","slug":"home-base","status":"publish","type":"page","link":"https:\/\/system.cnclab.com.pl\/","title":{"rendered":"Home main"},"content":{"rendered":"<p>[vc_row full_width=&#8221;stretch_row_content_no_spaces&#8221; css=&#8221;.vc_custom_1626791053168{margin-top: -40px !important;margin-bottom: 80px !important;padding-top: 0px !important;}&#8221; woodmart_css_id=&#8221;60f6dc7e05113&#8243; responsive_spacing=&#8221;eyJwYXJhbV90eXBlIjoid29vZG1hcnRfcmVzcG9uc2l2ZV9zcGFjaW5nIiwic2VsZWN0b3JfaWQiOiI2MGY2ZGM3ZTA1MTEzIiwic2hvcnRjb2RlIjoidmNfcm93IiwiZGF0YSI6eyJ0YWJsZXQiOnsibWFyZ2luLWJvdHRvbSI6IjYwIn0sIm1vYmlsZSI6eyJtYXJnaW4tYm90dG9tIjoiNDAifX19&#8243; mobile_bg_img_hidden=&#8221;no&#8221; tablet_bg_img_hidden=&#8221;no&#8221; woodmart_parallax=&#8221;0&#8243; woodmart_gradient_switch=&#8221;no&#8221; row_reverse_mobile=&#8221;0&#8243; row_reverse_tablet=&#8221;0&#8243; woodmart_disable_overflow=&#8221;0&#8243;][vc_column woodmart_css_id=&#8221;60f6db382425b&#8221; responsive_spacing=&#8221;eyJwYXJhbV90eXBlIjoid29vZG1hcnRfcmVzcG9uc2l2ZV9zcGFjaW5nIiwic2VsZWN0b3JfaWQiOiI2MGY2ZGIzODI0MjViIiwic2hvcnRjb2RlIjoidmNfY29sdW1uIiwiZGF0YSI6eyJ0YWJsZXQiOnt9LCJtb2JpbGUiOnt9fX0=&#8221; parallax_scroll=&#8221;no&#8221; mobile_bg_img_hidden=&#8221;no&#8221; tablet_bg_img_hidden=&#8221;no&#8221; woodmart_parallax=&#8221;0&#8243; woodmart_sticky_column=&#8221;false&#8221; mobile_reset_margin=&#8221;no&#8221; tablet_reset_margin=&#8221;no&#8221; css=&#8221;.vc_custom_1626790716003{padding-top: 0px !important;}&#8221;][rev_slider_vc alias=&#8221;main-slider&#8221;][\/vc_column][\/vc_row][vc_row woodmart_disable_overflow=&#8221;1&#8243; css=&#8221;.vc_custom_1626791074420{margin-bottom: 80px !important;}&#8221; woodmart_css_id=&#8221;60f6dc9694a0f&#8221; responsive_spacing=&#8221;eyJwYXJhbV90eXBlIjoid29vZG1hcnRfcmVzcG9uc2l2ZV9zcGFjaW5nIiwic2VsZWN0b3JfaWQiOiI2MGY2ZGM5Njk0YTBmIiwic2hvcnRjb2RlIjoidmNfcm93IiwiZGF0YSI6eyJ0YWJsZXQiOnsibWFyZ2luLWJvdHRvbSI6IjYwIn0sIm1vYmlsZSI6eyJtYXJnaW4tYm90dG9tIjoiNDAifX19&#8243; mobile_bg_img_hidden=&#8221;no&#8221; tablet_bg_img_hidden=&#8221;no&#8221; woodmart_parallax=&#8221;0&#8243; woodmart_gradient_switch=&#8221;no&#8221; row_reverse_mobile=&#8221;0&#8243; row_reverse_tablet=&#8221;0&#8243;][vc_column woodmart_css_id=&#8221;60f6db3d60308&#8243; responsive_spacing=&#8221;eyJwYXJhbV90eXBlIjoid29vZG1hcnRfcmVzcG9uc2l2ZV9zcGFjaW5nIiwic2VsZWN0b3JfaWQiOiI2MGY2ZGIzZDYwMzA4Iiwic2hvcnRjb2RlIjoidmNfY29sdW1uIiwiZGF0YSI6eyJ0YWJsZXQiOnt9LCJtb2JpbGUiOnt9fX0=&#8221; parallax_scroll=&#8221;no&#8221; mobile_bg_img_hidden=&#8221;no&#8221; tablet_bg_img_hidden=&#8221;no&#8221; woodmart_parallax=&#8221;0&#8243; woodmart_sticky_column=&#8221;false&#8221; mobile_reset_margin=&#8221;no&#8221; tablet_reset_margin=&#8221;no&#8221; css=&#8221;.vc_custom_1626790719905{padding-top: 0px !important;}&#8221;]\t\t\t<link rel=\"stylesheet\" id=\"wd-section-title-css\" href=\"https:\/\/system.cnclab.com.pl\/wp-content\/themes\/woodmart\/css\/parts\/el-section-title.min.css?ver=6.5.4\" type=\"text\/css\" media=\"all\" \/> \t\t\t\t\t\t<link rel=\"stylesheet\" id=\"wd-mod-highlighted-text-css\" href=\"https:\/\/system.cnclab.com.pl\/wp-content\/themes\/woodmart\/css\/parts\/mod-highlighted-text.min.css?ver=6.5.4\" type=\"text\/css\" media=\"all\" \/> \t\t\t\r\n\t\t<div id=\"wd-6673f6ae1d9c1\" class=\"title-wrapper wd-wpb set-mb-s reset-last-child  wd-rs-6673f6ae1d9c1 wd-title-color-default wd-title-style-default text-center  wd-underline-colored\">\r\n\t\t\t\t\t\t\t<div class=\"title-subtitle  subtitle-color-default font-default subtitle-style-default wd-font-weight- wd-fontsize-xs\">CNCLAB.COM.PL<\/div>\r\n\t\t\t\r\n\t\t\t<div class=\"liner-continer\">\r\n\t\t\t\t<h4 class=\"woodmart-title-container title  wd-font-weight- wd-fontsize-xl\" >TESTOWA PLATFORMA SYSTEMU<br \/>\nMULTI-CONVERTER CNC<\/h4>\r\n\t\t\t\t\t\t\t<\/div>\r\n\t\t\t\r\n\t\t\t\t\t\t\t<div class=\"title-after_title  set-cont-mb-s reset-last-child  wd-fontsize-s\">Witamy na testowej stronie cnclab.com.pl.<br \/>\nZnajdziesz na tej stronie demo naszego produktu umo\u017cliwiaj\u0105ce klientom ko\u0144cowym w \u0142atwy spos\u00f3b tworzenie zam\u00f3wie\u0144 na us\u0142ugi CNC w bran\u017cy meblarskiej i stolarskiej.<\/div>\r\n\t\t\t\r\n\t\t\t\r\n\t\t<\/div>\r\n\t\t\r\n\t\t[\/vc_column][\/vc_row][vc_row full_width=&#8221;stretch_row&#8221; css=&#8221;.vc_custom_1636551381982{margin-bottom: 80px !important;border-top-width: 1px !important;border-bottom-width: 1px !important;padding-top: 50px !important;padding-bottom: 50px !important;background-image: url(https:\/\/system.cnclab.com.pl\/wp-content\/uploads\/2021\/07\/wd-newsletter.jpg?id=764) !important;background-position: 0 0 !important;background-repeat: no-repeat !important;border-top-color: rgba(129,129,129,0.2) !important;border-top-style: solid !important;border-bottom-color: rgba(129,129,129,0.2) !important;border-bottom-style: solid !important;}&#8221; mobile_bg_img_hidden=&#8221;yes&#8221; tablet_bg_img_hidden=&#8221;yes&#8221; woodmart_parallax=&#8221;0&#8243; woodmart_gradient_switch=&#8221;no&#8221; row_reverse_mobile=&#8221;0&#8243; row_reverse_tablet=&#8221;0&#8243; woodmart_disable_overflow=&#8221;0&#8243; woodmart_css_id=&#8221;618bcab22283d&#8221; responsive_spacing=&#8221;eyJwYXJhbV90eXBlIjoid29vZG1hcnRfcmVzcG9uc2l2ZV9zcGFjaW5nIiwic2VsZWN0b3JfaWQiOiI2MThiY2FiMjIyODNkIiwic2hvcnRjb2RlIjoidmNfcm93IiwiZGF0YSI6eyJ0YWJsZXQiOnsibWFyZ2luLWJvdHRvbSI6IjYwcHgifSwibW9iaWxlIjp7Im1hcmdpbi1ib3R0b20iOiI0MHB4In19fQ==&#8221; wd_z_index=&#8221;no&#8221; woodmart_box_shadow=&#8221;no&#8221;][vc_column woodmart_text_align=&#8221;center&#8221; css=&#8221;.vc_custom_1626790738438{padding-top: 0px !important;}&#8221; mobile_bg_img_hidden=&#8221;no&#8221; tablet_bg_img_hidden=&#8221;no&#8221; woodmart_parallax=&#8221;0&#8243; woodmart_sticky_column=&#8221;false&#8221; parallax_scroll=&#8221;no&#8221; mobile_reset_margin=&#8221;no&#8221; tablet_reset_margin=&#8221;no&#8221; woodmart_css_id=&#8221;60f6db509bfe8&#8243; responsive_spacing=&#8221;eyJwYXJhbV90eXBlIjoid29vZG1hcnRfcmVzcG9uc2l2ZV9zcGFjaW5nIiwic2VsZWN0b3JfaWQiOiI2MGY2ZGI1MDliZmU4Iiwic2hvcnRjb2RlIjoidmNfY29sdW1uIiwiZGF0YSI6eyJ0YWJsZXQiOnt9LCJtb2JpbGUiOnt9fX0=&#8221;]\r\n\t\t<div id=\"wd-655eeb305960e\" class=\"title-wrapper wd-wpb set-mb-s reset-last-child  wd-rs-655eeb305960e wd-title-color-default wd-title-style-default text-center vc_custom_1700719420461 wd-underline-colored\">\r\n\t\t\t\r\n\t\t\t<div class=\"liner-continer\">\r\n\t\t\t\t<h4 class=\"woodmart-title-container title  wd-font-weight- wd-fontsize-l\" ><strong>DO\u0141\u0104CZ DO NASZEGO NEWSLETTERA<\/strong><\/h4>\r\n\t\t\t\t\t\t\t<\/div>\r\n\t\t\t\r\n\t\t\t\r\n\t\t\t\r\n\t\t<\/div>\r\n\t\t\r\n\t\t\t\t\t<link rel=\"stylesheet\" id=\"wd-text-block-css\" href=\"https:\/\/system.cnclab.com.pl\/wp-content\/themes\/woodmart\/css\/parts\/el-text-block.min.css?ver=6.5.4\" type=\"text\/css\" media=\"all\" \/> \t\t\t\t\t<div id=\"wd-655eeb40b7c6a\" class=\"wd-text-block wd-wpb reset-last-child wd-rs-655eeb40b7c6a text-center vc_custom_1700719451509\">\r\n\t\t\t<p>B\u0105d\u017a zawsze na bie\u017c\u0105co z aktualizacjami naszego oprogramowania i nowo\u015bciami.<\/p>\n\t\t<\/div>\r\n\t\t[\/vc_column][\/vc_row][vc_row full_width=&#8221;stretch_row&#8221; equal_height=&#8221;yes&#8221; content_placement=&#8221;middle&#8221; disable_element=&#8221;yes&#8221; css=&#8221;.vc_custom_1700719514805{margin-bottom: -40px !important;border-top-width: 1px !important;border-bottom-width: 1px !important;padding-top: 20px !important;padding-bottom: 0px !important;background-color: #fbfbfb !important;border-top-color: #f4f4f4 !important;border-top-style: solid !important;border-bottom-color: #f4f4f4 !important;border-bottom-style: solid !important;}&#8221; woodmart_css_id=&#8221;655eeb945aa1f&#8221; responsive_spacing=&#8221;eyJwYXJhbV90eXBlIjoid29vZG1hcnRfcmVzcG9uc2l2ZV9zcGFjaW5nIiwic2VsZWN0b3JfaWQiOiI2NTVlZWI5NDVhYTFmIiwic2hvcnRjb2RlIjoidmNfcm93IiwiZGF0YSI6eyJ0YWJsZXQiOnt9LCJtb2JpbGUiOnt9fX0=&#8221; mobile_bg_img_hidden=&#8221;no&#8221; tablet_bg_img_hidden=&#8221;no&#8221; woodmart_parallax=&#8221;0&#8243; woodmart_gradient_switch=&#8221;no&#8221; row_reverse_mobile=&#8221;0&#8243; row_reverse_tablet=&#8221;0&#8243; woodmart_disable_overflow=&#8221;0&#8243; woodmart_box_shadow=&#8221;no&#8221; wd_z_index=&#8221;no&#8221;][vc_column width=&#8221;1\/3&#8243; css=&#8221;.vc_custom_1626792084034{margin-bottom: 30px !important;padding-top: 0px !important;}&#8221; offset=&#8221;vc_col-lg-3 vc_col-md-3&#8243; woodmart_css_id=&#8221;60f6e090e6cac&#8221; responsive_spacing=&#8221;eyJwYXJhbV90eXBlIjoid29vZG1hcnRfcmVzcG9uc2l2ZV9zcGFjaW5nIiwic2VsZWN0b3JfaWQiOiI2MGY2ZTA5MGU2Y2FjIiwic2hvcnRjb2RlIjoidmNfY29sdW1uIiwiZGF0YSI6eyJ0YWJsZXQiOnt9LCJtb2JpbGUiOnt9fX0=&#8221; parallax_scroll=&#8221;no&#8221; mobile_bg_img_hidden=&#8221;no&#8221; tablet_bg_img_hidden=&#8221;no&#8221; woodmart_parallax=&#8221;0&#8243; woodmart_sticky_column=&#8221;false&#8221; mobile_reset_margin=&#8221;no&#8221; tablet_reset_margin=&#8221;no&#8221;]\r\n\t\t<div id=\"wd-69e734d654a19\" class=\"title-wrapper wd-wpb set-mb-s reset-last-child  wd-title-color-default wd-title-style-default text-center vc_custom_1496820709393 wd-underline-colored\">\r\n\t\t\t\t\t\t\t<div class=\"title-subtitle  subtitle-color-default font-default subtitle-style-default wd-font-weight- wd-fontsize-xs\">PREBUILT LAYOUTS<\/div>\r\n\t\t\t\r\n\t\t\t<div class=\"liner-continer\">\r\n\t\t\t\t<h4 class=\"woodmart-title-container title  wd-font-weight- wd-fontsize-l\" >WOODMART DEMOS<\/h4>\r\n\t\t\t\t\t\t\t<\/div>\r\n\t\t\t\r\n\t\t\t\t\t\t\t<div class=\"title-after_title  set-cont-mb-s reset-last-child  wd-fontsize-xs\">High-quality demos and layouts.<\/div>\r\n\t\t\t\r\n\t\t\t\r\n\t\t<\/div>\r\n\t\t\r\n\t\t<div id=\"wd-61681f40b9d04\" class=\" wd-rs-61681f40b9d04  wd-button-wrapper text-center\"><a href=\"#\" title=\"\" class=\"btn btn-color-primary btn-style-link btn-style-rectangle btn-size-default\">View All<\/a><\/div>[\/vc_column][vc_column width=&#8221;2\/3&#8243; css=&#8221;.vc_custom_1626792079419{margin-bottom: -10px !important;padding-top: 0px !important;}&#8221; offset=&#8221;vc_col-lg-9 vc_col-md-9&#8243; woodmart_css_id=&#8221;60f6e08a59315&#8243; responsive_spacing=&#8221;eyJwYXJhbV90eXBlIjoid29vZG1hcnRfcmVzcG9uc2l2ZV9zcGFjaW5nIiwic2VsZWN0b3JfaWQiOiI2MGY2ZTA4YTU5MzE1Iiwic2hvcnRjb2RlIjoidmNfY29sdW1uIiwiZGF0YSI6eyJ0YWJsZXQiOnt9LCJtb2JpbGUiOnt9fX0=&#8221; parallax_scroll=&#8221;no&#8221; mobile_bg_img_hidden=&#8221;no&#8221; tablet_bg_img_hidden=&#8221;no&#8221; woodmart_parallax=&#8221;0&#8243; woodmart_sticky_column=&#8221;false&#8221; mobile_reset_margin=&#8221;no&#8221; tablet_reset_margin=&#8221;no&#8221;]\t\t\t<link rel=\"stylesheet\" id=\"wd-owl-carousel-css\" href=\"https:\/\/system.cnclab.com.pl\/wp-content\/themes\/woodmart\/css\/parts\/lib-owl-carousel.min.css?ver=6.5.4\" type=\"text\/css\" media=\"all\" \/> \t\t\t\t\t\t<link rel=\"stylesheet\" id=\"wd-image-gallery-css\" href=\"https:\/\/system.cnclab.com.pl\/wp-content\/themes\/woodmart\/css\/parts\/el-gallery.min.css?ver=6.5.4\" type=\"text\/css\" media=\"all\" \/> \t\t\t\t\t<div id=\"gallery_939\" class=\"wd-images-gallery wd-justify-center wd-items-middle view-carousel wd-carousel-spacing-2 wd-carousel-container\" data-owl-carousel data-wrap=\"no\" data-hide_pagination_control=\"yes\" data-hide_prev_next_buttons=\"no\" data-desktop=\"4\" data-tablet_landscape=\"4\" data-tablet=\"3\" data-mobile=\"1\">\r\n\t\t\t<div class=\"gallery-images owl-carousel owl-items-lg-4 owl-items-md-4 owl-items-sm-3 owl-items-xs-1\">\r\n\t\t\t\t\t\t\t\t\t\t\t\t\t\t\t<div class=\"wd-gallery-item\">\r\n\t\t\t\t\t\t\t\t\t\t\t\t\t\t<a href=\"#\" data-elementor-open-lightbox=\"no\" data-index=\"1\" data-width=\"247\" data-height=\"201\" target=\"_blank\" >\r\n\t\t\t\t\t\t\t\t\r\n\t\t\t\t\t\t\t\t\t\t\t\t\t\t\t\t\t<img width=\"247\" height=\"201\" src=\"https:\/\/system.cnclab.com.pl\/wp-content\/uploads\/2021\/07\/retail-demos-opt-1.jpg\" class=\"wd-gallery-image image-1 attachment-full\" alt=\"\" loading=\"lazy\" title=\"retail-demos-opt\" srcset=\"https:\/\/system.cnclab.com.pl\/wp-content\/uploads\/2021\/07\/retail-demos-opt-1.jpg 247w, https:\/\/system.cnclab.com.pl\/wp-content\/uploads\/2021\/07\/retail-demos-opt-1-150x122.jpg 150w\" sizes=\"(max-width: 247px) 100vw, 247px\" \/>\t\t\t\t\t\t\t\t\r\n\r\n\t\t\t\t\t\t\t\t\t\t\t\t\t\t\t<\/a>\r\n\t\t\t\t\t\t\t\t\t\t\t\t<\/div>\r\n\t\t\t\t\t\t\t\t\t\t\t<div class=\"wd-gallery-item\">\r\n\t\t\t\t\t\t\t\t\t\t\t\t\t\t<a href=\"#1\" data-elementor-open-lightbox=\"no\" data-index=\"2\" data-width=\"247\" data-height=\"201\" target=\"_blank\" >\r\n\t\t\t\t\t\t\t\t\r\n\t\t\t\t\t\t\t\t\t\t\t\t\t\t\t\t\t<img width=\"247\" height=\"201\" src=\"https:\/\/system.cnclab.com.pl\/wp-content\/uploads\/2021\/07\/books-demos.jpg\" class=\"wd-gallery-image image-2 attachment-full\" alt=\"\" loading=\"lazy\" title=\"books-demos\" srcset=\"https:\/\/system.cnclab.com.pl\/wp-content\/uploads\/2021\/07\/books-demos.jpg 247w, https:\/\/system.cnclab.com.pl\/wp-content\/uploads\/2021\/07\/books-demos-150x122.jpg 150w\" sizes=\"(max-width: 247px) 100vw, 247px\" \/>\t\t\t\t\t\t\t\t\r\n\r\n\t\t\t\t\t\t\t\t\t\t\t\t\t\t\t<\/a>\r\n\t\t\t\t\t\t\t\t\t\t\t\t<\/div>\r\n\t\t\t\t\t\t\t\t\t\t\t<div class=\"wd-gallery-item\">\r\n\t\t\t\t\t\t\t\t\t\t\t\t\t\t<a href=\"#2\" data-elementor-open-lightbox=\"no\" data-index=\"3\" data-width=\"247\" data-height=\"201\" target=\"_blank\" >\r\n\t\t\t\t\t\t\t\t\r\n\t\t\t\t\t\t\t\t\t\t\t\t\t\t\t\t\t<img width=\"247\" height=\"201\" src=\"https:\/\/system.cnclab.com.pl\/wp-content\/uploads\/2021\/07\/handmade-demos-1.jpg\" class=\"wd-gallery-image image-3 attachment-full\" alt=\"\" loading=\"lazy\" title=\"handmade-demos\" srcset=\"https:\/\/system.cnclab.com.pl\/wp-content\/uploads\/2021\/07\/handmade-demos-1.jpg 247w, https:\/\/system.cnclab.com.pl\/wp-content\/uploads\/2021\/07\/handmade-demos-1-150x122.jpg 150w\" sizes=\"(max-width: 247px) 100vw, 247px\" \/>\t\t\t\t\t\t\t\t\r\n\r\n\t\t\t\t\t\t\t\t\t\t\t\t\t\t\t<\/a>\r\n\t\t\t\t\t\t\t\t\t\t\t\t<\/div>\r\n\t\t\t\t\t\t\t\t\t\t\t<div class=\"wd-gallery-item\">\r\n\t\t\t\t\t\t\t\t\t\t\t\t\t\t<a href=\"\" data-elementor-open-lightbox=\"no\" data-index=\"4\" data-width=\"247\" data-height=\"201\" target=\"_blank\" >\r\n\t\t\t\t\t\t\t\t\r\n\t\t\t\t\t\t\t\t\t\t\t\t\t\t\t\t\t<img width=\"247\" height=\"201\" src=\"https:\/\/system.cnclab.com.pl\/wp-content\/uploads\/2021\/07\/travel-demos-1.jpg\" class=\"wd-gallery-image image-4 attachment-full\" alt=\"\" loading=\"lazy\" title=\"travel-demos\" srcset=\"https:\/\/system.cnclab.com.pl\/wp-content\/uploads\/2021\/07\/travel-demos-1.jpg 247w, https:\/\/system.cnclab.com.pl\/wp-content\/uploads\/2021\/07\/travel-demos-1-150x122.jpg 150w\" sizes=\"(max-width: 247px) 100vw, 247px\" \/>\t\t\t\t\t\t\t\t\r\n\r\n\t\t\t\t\t\t\t\t\t\t\t\t\t\t\t<\/a>\r\n\t\t\t\t\t\t\t\t\t\t\t\t<\/div>\r\n\t\t\t\t\t\t\t\t\t\t\t<div class=\"wd-gallery-item\">\r\n\t\t\t\t\t\t\t\t\t\t\t\t\t\t<a href=\"\" data-elementor-open-lightbox=\"no\" data-index=\"5\" data-width=\"247\" data-height=\"201\" target=\"_blank\" >\r\n\t\t\t\t\t\t\t\t\r\n\t\t\t\t\t\t\t\t\t\t\t\t\t\t\t\t\t<img width=\"247\" height=\"201\" src=\"https:\/\/system.cnclab.com.pl\/wp-content\/uploads\/2021\/07\/marketplace-demos-1.jpg\" class=\"wd-gallery-image image-5 attachment-full\" alt=\"\" loading=\"lazy\" title=\"marketplace-demos\" srcset=\"https:\/\/system.cnclab.com.pl\/wp-content\/uploads\/2021\/07\/marketplace-demos-1.jpg 247w, https:\/\/system.cnclab.com.pl\/wp-content\/uploads\/2021\/07\/marketplace-demos-1-150x122.jpg 150w\" sizes=\"(max-width: 247px) 100vw, 247px\" \/>\t\t\t\t\t\t\t\t\r\n\r\n\t\t\t\t\t\t\t\t\t\t\t\t\t\t\t<\/a>\r\n\t\t\t\t\t\t\t\t\t\t\t\t<\/div>\r\n\t\t\t\t\t\t\t\t\t\t\t\t<\/div>\r\n\t\t<\/div>\r\n\t\t\t\t[\/vc_column][\/vc_row]<\/p>\n","protected":false},"excerpt":{"rendered":"<p>[vc_row full_width=&#8221;stretch_row_content_no_spaces&#8221; css=&#8221;.vc_custom_1626791053168{margin-top: -40px !important;margin-bottom: 80px !important;padding-top: 0px !important;}&#8221; woodmart_css_id=&#8221;60f6dc7e05113&#8243; responsive_spacing=&#8221;eyJwYXJhbV90eXBlIjoid29vZG1hcnRfcmVzcG9uc2l2ZV9zcGFjaW5nIiwic2VsZWN0b3JfaWQiOiI2MGY2ZGM3ZTA1MTEzIiwic2hvcnRjb2RlIjoidmNfcm93IiwiZGF0YSI6eyJ0YWJsZXQiOnsibWFyZ2luLWJvdHRvbSI6IjYwIn0sIm1vYmlsZSI6eyJtYXJnaW4tYm90dG9tIjoiNDAifX19&#8243; mobile_bg_img_hidden=&#8221;no&#8221; tablet_bg_img_hidden=&#8221;no&#8221; woodmart_parallax=&#8221;0&#8243; woodmart_gradient_switch=&#8221;no&#8221; row_reverse_mobile=&#8221;0&#8243; row_reverse_tablet=&#8221;0&#8243; woodmart_disable_overflow=&#8221;0&#8243;][vc_column woodmart_css_id=&#8221;60f6db382425b&#8221; responsive_spacing=&#8221;eyJwYXJhbV90eXBlIjoid29vZG1hcnRfcmVzcG9uc2l2ZV9zcGFjaW5nIiwic2VsZWN0b3JfaWQiOiI2MGY2ZGIzODI0MjViIiwic2hvcnRjb2RlIjoidmNfY29sdW1uIiwiZGF0YSI6eyJ0YWJsZXQiOnt9LCJtb2JpbGUiOnt9fX0=&#8221;<\/p>\n","protected":false},"author":1,"featured_media":0,"parent":0,"menu_order":0,"comment_status":"closed","ping_status":"closed","template":"","meta":[],"_links":{"self":[{"href":"https:\/\/system.cnclab.com.pl\/index.php?rest_route=\/wp\/v2\/pages\/7023"}],"collection":[{"href":"https:\/\/system.cnclab.com.pl\/index.php?rest_route=\/wp\/v2\/pages"}],"about":[{"href":"https:\/\/system.cnclab.com.pl\/index.php?rest_route=\/wp\/v2\/types\/page"}],"author":[{"embeddable":true,"href":"https:\/\/system.cnclab.com.pl\/index.php?rest_route=\/wp\/v2\/users\/1"}],"replies":[{"embeddable":true,"href":"https:\/\/system.cnclab.com.pl\/index.php?rest_route=%2Fwp%2Fv2%2Fcomments&post=7023"}],"version-history":[{"count":8,"href":"https:\/\/system.cnclab.com.pl\/index.php?rest_route=\/wp\/v2\/pages\/7023\/revisions"}],"predecessor-version":[{"id":8153,"href":"https:\/\/system.cnclab.com.pl\/index.php?rest_route=\/wp\/v2\/pages\/7023\/revisions\/8153"}],"wp:attachment":[{"href":"https:\/\/system.cnclab.com.pl\/index.php?rest_route=%2Fwp%2Fv2%2Fmedia&parent=7023"}],"curies":[{"name":"wp","href":"https:\/\/api.w.org\/{rel}","templated":true}]}}